{"id":81,"date":"2020-07-12T12:10:32","date_gmt":"2020-07-12T12:10:32","guid":{"rendered":"http:\/\/www.annekaronen.com\/?page_id=81"},"modified":"2023-08-13T08:10:03","modified_gmt":"2023-08-13T08:10:03","slug":"mita-kuvataidepsykoterapia-on-sopiiko-se-minulle","status":"publish","type":"page","link":"https:\/\/www.annekaronen.com\/?page_id=81","title":{"rendered":"Mit\u00e4 kuvataidepsykoterapia on? Sopiiko se minulle?"},"content":{"rendered":"\n<figure class=\"wp-block-gallery alignright has-nested-images columns-default is-cropped wp-block-gallery-1 is-layout-flex wp-block-gallery-is-layout-flex\">\n<figure class=\"wp-block-image size-large\"><img loading=\"lazy\" decoding=\"async\" width=\"700\" height=\"933\" data-id=\"228\" src=\"https:\/\/www.annekaronen.com\/wp-content\/uploads\/2023\/08\/lumpeenlehti-kuvitus-700x933.jpg\" alt=\"\" class=\"wp-image-228\" srcset=\"https:\/\/www.annekaronen.com\/wp-content\/uploads\/2023\/08\/lumpeenlehti-kuvitus-700x933.jpg 700w, https:\/\/www.annekaronen.com\/wp-content\/uploads\/2023\/08\/lumpeenlehti-kuvitus-225x300.jpg 225w, https:\/\/www.annekaronen.com\/wp-content\/uploads\/2023\/08\/lumpeenlehti-kuvitus.jpg 768w\" sizes=\"auto, (max-width: 700px) 100vw, 700px\" \/><\/figure>\n<\/figure>\n\n\n\n<p class=\"has-text-align-center\">Mist\u00e4 kuvataideterapiassa sitten on oikein kyse?<\/p>\n\n\n\n<p class=\"has-drop-cap has-text-align-left\">Kuvataidepsykoterapia on psykoterapian erityismuoto, jossa kuvallista ilmaisua k\u00e4ytet\u00e4\u00e4n yhten\u00e4 keinona tunteiden ja ajatusten j\u00e4sent\u00e4miseen sek\u00e4 tutkimiseen. My\u00f6s sanallinen ilmaiseminen on mahdollinen osa kuvataidepsykoterapiaa ja keskustelulle l\u00f6ytyy my\u00f6s tilaa. Joskus kuva voi tavoittaa maailmaa, jota on vaikea tavoittaa pelkill\u00e4 sanoilla. <\/p>\n\n\n\n<p class=\"has-text-align-left\">Kuva on olennainen osa kuvataidepsykoterapiaa, mutta pohja ty\u00f6skentelylle ei ole niin kutsuttu taiteellinen lahjakkuus vaan ennemminkin sis\u00e4inen luovuus, joka l\u00f6ytyy ihan jokaiselta ihmiselt\u00e4 ilmentyen jokaisen kohdalla omalla persoonallisella tavallaan. <\/p>\n\n\n\n<p class=\"has-text-align-left\">Jos siis mietit olisiko kuvataidepsykoterapia sinulle sopiva tapa tutustua lis\u00e4\u00e4 itseesi ja j\u00e4sent\u00e4\u00e4 sis\u00e4ist\u00e4 maailmaasi kuvan avulla, on vastaus kyll\u00e4, jos se jollain tasolla sinua houkuttelee. Voit my\u00f6s soittaa minulle ja kysy\u00e4 lis\u00e4\u00e4, pohditaan sitten yhdess\u00e4 her\u00e4nneit\u00e4 ajatuksia.<\/p>\n\n\n\n<p><\/p>\n\n\n<div class=\"wp-block-image\">\n<figure class=\"aligncenter size-large is-resized\"><img loading=\"lazy\" decoding=\"async\" src=\"https:\/\/www.annekaronen.com\/wp-content\/uploads\/2023\/08\/lumpeenkukka-kuvitus-1-700x525.jpg\" alt=\"\" class=\"wp-image-235\" width=\"525\" height=\"394\" srcset=\"https:\/\/www.annekaronen.com\/wp-content\/uploads\/2023\/08\/lumpeenkukka-kuvitus-1-700x525.jpg 700w, https:\/\/www.annekaronen.com\/wp-content\/uploads\/2023\/08\/lumpeenkukka-kuvitus-1-300x225.jpg 300w, https:\/\/www.annekaronen.com\/wp-content\/uploads\/2023\/08\/lumpeenkukka-kuvitus-1-768x576.jpg 768w, https:\/\/www.annekaronen.com\/wp-content\/uploads\/2023\/08\/lumpeenkukka-kuvitus-1-800x600.jpg 800w, https:\/\/www.annekaronen.com\/wp-content\/uploads\/2023\/08\/lumpeenkukka-kuvitus-1-80x60.jpg 80w, https:\/\/www.annekaronen.com\/wp-content\/uploads\/2023\/08\/lumpeenkukka-kuvitus-1.jpg 1024w\" sizes=\"auto, (max-width: 525px) 100vw, 525px\" \/><\/figure>\n<\/div>","protected":false},"excerpt":{"rendered":"<p>Mist\u00e4 kuvataideterapiassa sitten on oikein kyse? Kuvataidepsykoterapia on psykoterapian erityismuoto, jossa kuvallista ilmaisua k\u00e4ytet\u00e4\u00e4n yhten\u00e4 keinona tunteiden ja ajatusten j\u00e4sent\u00e4miseen sek\u00e4 tutkimiseen. My\u00f6s sanallinen ilmaiseminen on mahdollinen osa kuvataidepsykoterapiaa ja keskustelulle l\u00f6ytyy my\u00f6s tilaa. Joskus kuva voi tavoittaa maailmaa, jota on vaikea tavoittaa pelkill\u00e4 sanoilla. Kuva on olennainen osa kuvataidepsykoterapiaa, mutta pohja ty\u00f6skentelylle ei ole&#8230;<\/p>\n","protected":false},"author":1,"featured_media":0,"parent":0,"menu_order":0,"comment_status":"closed","ping_status":"closed","template":"","meta":{"footnotes":""},"class_list":["post-81","page","type-page","status-publish","hentry"],"yoast_head":"<!-- This site is optimized with the Yoast SEO plugin v21.8.1 - https:\/\/yoast.com\/wordpress\/plugins\/seo\/ -->\n<title>Mit\u00e4 kuvataidepsykoterapia on? Sopiiko se minulle? - Anne Karonen<\/title>\n<meta name=\"description\" content=\"Kuvataidepsykoterapia on psykoterapian erityismuoto, jossa kuvallista ilmaisua k\u00e4ytet\u00e4\u00e4n yhten\u00e4 keinona tunteiden ja ajatusten j\u00e4sent\u00e4miseen.\" \/>\n<meta name=\"robots\" content=\"index, follow, max-snippet:-1, max-image-preview:large, max-video-preview:-1\" \/>\n<link rel=\"canonical\" href=\"https:\/\/www.annekaronen.com\/?page_id=81\" \/>\n<meta property=\"og:locale\" content=\"fi_FI\" \/>\n<meta property=\"og:type\" content=\"article\" \/>\n<meta property=\"og:title\" content=\"Mit\u00e4 kuvataidepsykoterapia on? Sopiiko se minulle? - Anne Karonen\" \/>\n<meta property=\"og:description\" content=\"Kuvataidepsykoterapia on psykoterapian erityismuoto, jossa kuvallista ilmaisua k\u00e4ytet\u00e4\u00e4n yhten\u00e4 keinona tunteiden ja ajatusten j\u00e4sent\u00e4miseen.\" \/>\n<meta property=\"og:url\" content=\"https:\/\/www.annekaronen.com\/?page_id=81\" \/>\n<meta property=\"og:site_name\" content=\"Anne Karonen\" \/>\n<meta property=\"article:modified_time\" content=\"2023-08-13T08:10:03+00:00\" \/>\n<meta property=\"og:image\" content=\"https:\/\/www.annekaronen.com\/wp-content\/uploads\/2023\/08\/lumpeenlehti-kuvitus-700x933.jpg\" \/>\n<meta name=\"twitter:card\" content=\"summary_large_image\" \/>\n<meta name=\"twitter:label1\" content=\"Est. reading time\" \/>\n\t<meta name=\"twitter:data1\" content=\"2 minuuttia\" \/>\n<script type=\"application\/ld+json\" class=\"yoast-schema-graph\">{\"@context\":\"https:\/\/schema.org\",\"@graph\":[{\"@type\":\"WebPage\",\"@id\":\"https:\/\/www.annekaronen.com\/?page_id=81\",\"url\":\"https:\/\/www.annekaronen.com\/?page_id=81\",\"name\":\"Mit\u00e4 kuvataidepsykoterapia on? Sopiiko se minulle? - Anne Karonen\",\"isPartOf\":{\"@id\":\"https:\/\/www.annekaronen.com\/#website\"},\"datePublished\":\"2020-07-12T12:10:32+00:00\",\"dateModified\":\"2023-08-13T08:10:03+00:00\",\"description\":\"Kuvataidepsykoterapia on psykoterapian erityismuoto, jossa kuvallista ilmaisua k\u00e4ytet\u00e4\u00e4n yhten\u00e4 keinona tunteiden ja ajatusten j\u00e4sent\u00e4miseen.\",\"breadcrumb\":{\"@id\":\"https:\/\/www.annekaronen.com\/?page_id=81#breadcrumb\"},\"inLanguage\":\"fi\",\"potentialAction\":[{\"@type\":\"ReadAction\",\"target\":[\"https:\/\/www.annekaronen.com\/?page_id=81\"]}]},{\"@type\":\"BreadcrumbList\",\"@id\":\"https:\/\/www.annekaronen.com\/?page_id=81#breadcrumb\",\"itemListElement\":[{\"@type\":\"ListItem\",\"position\":1,\"name\":\"Home\",\"item\":\"https:\/\/www.annekaronen.com\/\"},{\"@type\":\"ListItem\",\"position\":2,\"name\":\"Mit\u00e4 kuvataidepsykoterapia on? Sopiiko se minulle?\"}]},{\"@type\":\"WebSite\",\"@id\":\"https:\/\/www.annekaronen.com\/#website\",\"url\":\"https:\/\/www.annekaronen.com\/\",\"name\":\"Anne Karonen\",\"description\":\"Kuvataidepsykoterapeutti Anne Karonen. Pyskoterapiaa H&auml;meenlinnassa.\",\"potentialAction\":[{\"@type\":\"SearchAction\",\"target\":{\"@type\":\"EntryPoint\",\"urlTemplate\":\"https:\/\/www.annekaronen.com\/?s={search_term_string}\"},\"query-input\":\"required name=search_term_string\"}],\"inLanguage\":\"fi\"}]}<\/script>\n<!-- \/ Yoast SEO plugin. -->","yoast_head_json":{"title":"Mit\u00e4 kuvataidepsykoterapia on? Sopiiko se minulle? - Anne Karonen","description":"Kuvataidepsykoterapia on psykoterapian erityismuoto, jossa kuvallista ilmaisua k\u00e4ytet\u00e4\u00e4n yhten\u00e4 keinona tunteiden ja ajatusten j\u00e4sent\u00e4miseen.","robots":{"index":"index","follow":"follow","max-snippet":"max-snippet:-1","max-image-preview":"max-image-preview:large","max-video-preview":"max-video-preview:-1"},"canonical":"https:\/\/www.annekaronen.com\/?page_id=81","og_locale":"fi_FI","og_type":"article","og_title":"Mit\u00e4 kuvataidepsykoterapia on? Sopiiko se minulle? - Anne Karonen","og_description":"Kuvataidepsykoterapia on psykoterapian erityismuoto, jossa kuvallista ilmaisua k\u00e4ytet\u00e4\u00e4n yhten\u00e4 keinona tunteiden ja ajatusten j\u00e4sent\u00e4miseen.","og_url":"https:\/\/www.annekaronen.com\/?page_id=81","og_site_name":"Anne Karonen","article_modified_time":"2023-08-13T08:10:03+00:00","og_image":[{"url":"https:\/\/www.annekaronen.com\/wp-content\/uploads\/2023\/08\/lumpeenlehti-kuvitus-700x933.jpg"}],"twitter_card":"summary_large_image","twitter_misc":{"Est. reading time":"2 minuuttia"},"schema":{"@context":"https:\/\/schema.org","@graph":[{"@type":"WebPage","@id":"https:\/\/www.annekaronen.com\/?page_id=81","url":"https:\/\/www.annekaronen.com\/?page_id=81","name":"Mit\u00e4 kuvataidepsykoterapia on? Sopiiko se minulle? - Anne Karonen","isPartOf":{"@id":"https:\/\/www.annekaronen.com\/#website"},"datePublished":"2020-07-12T12:10:32+00:00","dateModified":"2023-08-13T08:10:03+00:00","description":"Kuvataidepsykoterapia on psykoterapian erityismuoto, jossa kuvallista ilmaisua k\u00e4ytet\u00e4\u00e4n yhten\u00e4 keinona tunteiden ja ajatusten j\u00e4sent\u00e4miseen.","breadcrumb":{"@id":"https:\/\/www.annekaronen.com\/?page_id=81#breadcrumb"},"inLanguage":"fi","potentialAction":[{"@type":"ReadAction","target":["https:\/\/www.annekaronen.com\/?page_id=81"]}]},{"@type":"BreadcrumbList","@id":"https:\/\/www.annekaronen.com\/?page_id=81#breadcrumb","itemListElement":[{"@type":"ListItem","position":1,"name":"Home","item":"https:\/\/www.annekaronen.com\/"},{"@type":"ListItem","position":2,"name":"Mit\u00e4 kuvataidepsykoterapia on? Sopiiko se minulle?"}]},{"@type":"WebSite","@id":"https:\/\/www.annekaronen.com\/#website","url":"https:\/\/www.annekaronen.com\/","name":"Anne Karonen","description":"Kuvataidepsykoterapeutti Anne Karonen. Pyskoterapiaa H&auml;meenlinnassa.","potentialAction":[{"@type":"SearchAction","target":{"@type":"EntryPoint","urlTemplate":"https:\/\/www.annekaronen.com\/?s={search_term_string}"},"query-input":"required name=search_term_string"}],"inLanguage":"fi"}]}},"_links":{"self":[{"href":"https:\/\/www.annekaronen.com\/index.php?rest_route=\/wp\/v2\/pages\/81","targetHints":{"allow":["GET"]}}],"collection":[{"href":"https:\/\/www.annekaronen.com\/index.php?rest_route=\/wp\/v2\/pages"}],"about":[{"href":"https:\/\/www.annekaronen.com\/index.php?rest_route=\/wp\/v2\/types\/page"}],"author":[{"embeddable":true,"href":"https:\/\/www.annekaronen.com\/index.php?rest_route=\/wp\/v2\/users\/1"}],"replies":[{"embeddable":true,"href":"https:\/\/www.annekaronen.com\/index.php?rest_route=%2Fwp%2Fv2%2Fcomments&post=81"}],"version-history":[{"count":18,"href":"https:\/\/www.annekaronen.com\/index.php?rest_route=\/wp\/v2\/pages\/81\/revisions"}],"predecessor-version":[{"id":245,"href":"https:\/\/www.annekaronen.com\/index.php?rest_route=\/wp\/v2\/pages\/81\/revisions\/245"}],"wp:attachment":[{"href":"https:\/\/www.annekaronen.com\/index.php?rest_route=%2Fwp%2Fv2%2Fmedia&parent=81"}],"curies":[{"name":"wp","href":"https:\/\/api.w.org\/{rel}","templated":true}]}}