{"id":252,"date":"2023-11-04T12:47:45","date_gmt":"2023-11-04T12:47:45","guid":{"rendered":"https:\/\/www.annekaronen.com\/?page_id=252"},"modified":"2023-11-04T12:48:19","modified_gmt":"2023-11-04T12:48:19","slug":"tyonohjaus","status":"publish","type":"page","link":"https:\/\/www.annekaronen.com\/?page_id=252","title":{"rendered":"Ty\u00f6nohjaus"},"content":{"rendered":"\n<p>Olen k\u00e4ynyt Jyv\u00e4skyl\u00e4n yliopiston ja Suomen Kuvataidepsykoterapeuttien liiton integratiivisen kouluttajapsykoterapeutti koulutuksen 2021-2023.<\/p>\n","protected":false},"excerpt":{"rendered":"<p>Olen k\u00e4ynyt Jyv\u00e4skyl\u00e4n yliopiston ja Suomen Kuvataidepsykoterapeuttien liiton integratiivisen kouluttajapsykoterapeutti koulutuksen 2021-2023.<\/p>\n","protected":false},"author":1,"featured_media":0,"parent":0,"menu_order":0,"comment_status":"closed","ping_status":"closed","template":"","meta":{"footnotes":""},"class_list":["post-252","page","type-page","status-publish","hentry"],"yoast_head":"<!-- This site is optimized with the Yoast SEO plugin v21.8.1 - https:\/\/yoast.com\/wordpress\/plugins\/seo\/ -->\n<title>Ty\u00f6nohjaus - Anne Karonen<\/title>\n<meta name=\"robots\" content=\"index, follow, max-snippet:-1, max-image-preview:large, max-video-preview:-1\" \/>\n<link rel=\"canonical\" href=\"https:\/\/www.annekaronen.com\/?page_id=252\" \/>\n<meta property=\"og:locale\" content=\"fi_FI\" \/>\n<meta property=\"og:type\" content=\"article\" \/>\n<meta property=\"og:title\" content=\"Ty\u00f6nohjaus - Anne Karonen\" \/>\n<meta property=\"og:description\" content=\"Olen k\u00e4ynyt Jyv\u00e4skyl\u00e4n yliopiston ja Suomen Kuvataidepsykoterapeuttien liiton integratiivisen kouluttajapsykoterapeutti koulutuksen 2021-2023.\" \/>\n<meta property=\"og:url\" content=\"https:\/\/www.annekaronen.com\/?page_id=252\" \/>\n<meta property=\"og:site_name\" content=\"Anne Karonen\" \/>\n<meta property=\"article:modified_time\" content=\"2023-11-04T12:48:19+00:00\" \/>\n<meta name=\"twitter:card\" content=\"summary_large_image\" \/>\n<meta name=\"twitter:label1\" content=\"Est. reading time\" \/>\n\t<meta name=\"twitter:data1\" content=\"1 minuutti\" \/>\n<script type=\"application\/ld+json\" class=\"yoast-schema-graph\">{\"@context\":\"https:\/\/schema.org\",\"@graph\":[{\"@type\":\"WebPage\",\"@id\":\"https:\/\/www.annekaronen.com\/?page_id=252\",\"url\":\"https:\/\/www.annekaronen.com\/?page_id=252\",\"name\":\"Ty\u00f6nohjaus - Anne Karonen\",\"isPartOf\":{\"@id\":\"https:\/\/www.annekaronen.com\/#website\"},\"datePublished\":\"2023-11-04T12:47:45+00:00\",\"dateModified\":\"2023-11-04T12:48:19+00:00\",\"breadcrumb\":{\"@id\":\"https:\/\/www.annekaronen.com\/?page_id=252#breadcrumb\"},\"inLanguage\":\"fi\",\"potentialAction\":[{\"@type\":\"ReadAction\",\"target\":[\"https:\/\/www.annekaronen.com\/?page_id=252\"]}]},{\"@type\":\"BreadcrumbList\",\"@id\":\"https:\/\/www.annekaronen.com\/?page_id=252#breadcrumb\",\"itemListElement\":[{\"@type\":\"ListItem\",\"position\":1,\"name\":\"Home\",\"item\":\"https:\/\/www.annekaronen.com\/\"},{\"@type\":\"ListItem\",\"position\":2,\"name\":\"Ty\u00f6nohjaus\"}]},{\"@type\":\"WebSite\",\"@id\":\"https:\/\/www.annekaronen.com\/#website\",\"url\":\"https:\/\/www.annekaronen.com\/\",\"name\":\"Anne Karonen\",\"description\":\"Kuvataidepsykoterapeutti Anne Karonen. Pyskoterapiaa H&auml;meenlinnassa.\",\"potentialAction\":[{\"@type\":\"SearchAction\",\"target\":{\"@type\":\"EntryPoint\",\"urlTemplate\":\"https:\/\/www.annekaronen.com\/?s={search_term_string}\"},\"query-input\":\"required name=search_term_string\"}],\"inLanguage\":\"fi\"}]}<\/script>\n<!-- \/ Yoast SEO plugin. -->","yoast_head_json":{"title":"Ty\u00f6nohjaus - Anne Karonen","robots":{"index":"index","follow":"follow","max-snippet":"max-snippet:-1","max-image-preview":"max-image-preview:large","max-video-preview":"max-video-preview:-1"},"canonical":"https:\/\/www.annekaronen.com\/?page_id=252","og_locale":"fi_FI","og_type":"article","og_title":"Ty\u00f6nohjaus - Anne Karonen","og_description":"Olen k\u00e4ynyt Jyv\u00e4skyl\u00e4n yliopiston ja Suomen Kuvataidepsykoterapeuttien liiton integratiivisen kouluttajapsykoterapeutti koulutuksen 2021-2023.","og_url":"https:\/\/www.annekaronen.com\/?page_id=252","og_site_name":"Anne Karonen","article_modified_time":"2023-11-04T12:48:19+00:00","twitter_card":"summary_large_image","twitter_misc":{"Est. reading time":"1 minuutti"},"schema":{"@context":"https:\/\/schema.org","@graph":[{"@type":"WebPage","@id":"https:\/\/www.annekaronen.com\/?page_id=252","url":"https:\/\/www.annekaronen.com\/?page_id=252","name":"Ty\u00f6nohjaus - Anne Karonen","isPartOf":{"@id":"https:\/\/www.annekaronen.com\/#website"},"datePublished":"2023-11-04T12:47:45+00:00","dateModified":"2023-11-04T12:48:19+00:00","breadcrumb":{"@id":"https:\/\/www.annekaronen.com\/?page_id=252#breadcrumb"},"inLanguage":"fi","potentialAction":[{"@type":"ReadAction","target":["https:\/\/www.annekaronen.com\/?page_id=252"]}]},{"@type":"BreadcrumbList","@id":"https:\/\/www.annekaronen.com\/?page_id=252#breadcrumb","itemListElement":[{"@type":"ListItem","position":1,"name":"Home","item":"https:\/\/www.annekaronen.com\/"},{"@type":"ListItem","position":2,"name":"Ty\u00f6nohjaus"}]},{"@type":"WebSite","@id":"https:\/\/www.annekaronen.com\/#website","url":"https:\/\/www.annekaronen.com\/","name":"Anne Karonen","description":"Kuvataidepsykoterapeutti Anne Karonen. Pyskoterapiaa H&auml;meenlinnassa.","potentialAction":[{"@type":"SearchAction","target":{"@type":"EntryPoint","urlTemplate":"https:\/\/www.annekaronen.com\/?s={search_term_string}"},"query-input":"required name=search_term_string"}],"inLanguage":"fi"}]}},"_links":{"self":[{"href":"https:\/\/www.annekaronen.com\/index.php?rest_route=\/wp\/v2\/pages\/252","targetHints":{"allow":["GET"]}}],"collection":[{"href":"https:\/\/www.annekaronen.com\/index.php?rest_route=\/wp\/v2\/pages"}],"about":[{"href":"https:\/\/www.annekaronen.com\/index.php?rest_route=\/wp\/v2\/types\/page"}],"author":[{"embeddable":true,"href":"https:\/\/www.annekaronen.com\/index.php?rest_route=\/wp\/v2\/users\/1"}],"replies":[{"embeddable":true,"href":"https:\/\/www.annekaronen.com\/index.php?rest_route=%2Fwp%2Fv2%2Fcomments&post=252"}],"version-history":[{"count":2,"href":"https:\/\/www.annekaronen.com\/index.php?rest_route=\/wp\/v2\/pages\/252\/revisions"}],"predecessor-version":[{"id":256,"href":"https:\/\/www.annekaronen.com\/index.php?rest_route=\/wp\/v2\/pages\/252\/revisions\/256"}],"wp:attachment":[{"href":"https:\/\/www.annekaronen.com\/index.php?rest_route=%2Fwp%2Fv2%2Fmedia&parent=252"}],"curies":[{"name":"wp","href":"https:\/\/api.w.org\/{rel}","templated":true}]}}