{"id":22,"date":"2020-07-11T18:44:51","date_gmt":"2020-07-11T18:44:51","guid":{"rendered":"http:\/\/www.annekaronen.com\/?page_id=22"},"modified":"2023-08-13T08:05:42","modified_gmt":"2023-08-13T08:05:42","slug":"ota-yhteytta","status":"publish","type":"page","link":"https:\/\/www.annekaronen.com\/?page_id=22","title":{"rendered":"Yhteystiedot"},"content":{"rendered":"<div class=\"wp-block-image\">\n<figure class=\"aligncenter size-large is-resized\"><img loading=\"lazy\" decoding=\"async\" src=\"https:\/\/www.annekaronen.com\/wp-content\/uploads\/2023\/08\/lehti-kuvitus-1-700x933.jpg\" alt=\"\" class=\"wp-image-240\" width=\"350\" height=\"467\" srcset=\"https:\/\/www.annekaronen.com\/wp-content\/uploads\/2023\/08\/lehti-kuvitus-1-700x933.jpg 700w, https:\/\/www.annekaronen.com\/wp-content\/uploads\/2023\/08\/lehti-kuvitus-1-225x300.jpg 225w, https:\/\/www.annekaronen.com\/wp-content\/uploads\/2023\/08\/lehti-kuvitus-1.jpg 768w\" sizes=\"auto, (max-width: 350px) 100vw, 350px\" \/><\/figure>\n<\/div>\n\n\n<p class=\"has-text-align-center\">Ota yhteytt\u00e4 niin keskustellaan yhdess\u00e4 mahdollisuuksista terapian aloittamiseen. Olen tavoitettavissa arkisin 9-17 terapiaty\u00f6n ohessa. Varmimmin minut tavoittaa tekstiviestill\u00e4 tai s\u00e4hk\u00f6postilla, johon vastaan mahdollisimman nopeasti.<\/p>\n\n\n\n<p class=\"has-text-align-center\">Taideterapeutti Anne Karonen<\/p>\n\n\n\n<p class=\"has-text-align-center\">Hallituskatu 19 as 7, 13100 H\u00e4meenlinna<\/p>\n\n\n\n<p class=\"has-text-align-center\">Puh. 050-4909879<\/p>\n\n\n\n<p class=\"has-text-align-center\">karonen.anne@gmail.com<\/p>\n\n\n\n<p><\/p>\n","protected":false},"excerpt":{"rendered":"<p>Ota yhteytt\u00e4 niin keskustellaan yhdess\u00e4 mahdollisuuksista terapian aloittamiseen. Olen tavoitettavissa arkisin 9-17 terapiaty\u00f6n ohessa. Varmimmin minut tavoittaa tekstiviestill\u00e4 tai s\u00e4hk\u00f6postilla, johon vastaan mahdollisimman nopeasti. Taideterapeutti Anne Karonen Hallituskatu 19 as 7, 13100 H\u00e4meenlinna Puh. 050-4909879 karonen.anne@gmail.com<\/p>\n","protected":false},"author":1,"featured_media":0,"parent":0,"menu_order":0,"comment_status":"closed","ping_status":"closed","template":"","meta":{"footnotes":""},"class_list":["post-22","page","type-page","status-publish","hentry"],"yoast_head":"<!-- This site is optimized with the Yoast SEO plugin v21.8.1 - https:\/\/yoast.com\/wordpress\/plugins\/seo\/ -->\n<title>Yhteystiedot - Anne Karonen<\/title>\n<meta name=\"robots\" content=\"index, follow, max-snippet:-1, max-image-preview:large, max-video-preview:-1\" \/>\n<link rel=\"canonical\" href=\"https:\/\/www.annekaronen.com\/?page_id=22\" \/>\n<meta property=\"og:locale\" content=\"fi_FI\" \/>\n<meta property=\"og:type\" content=\"article\" \/>\n<meta property=\"og:title\" content=\"Yhteystiedot - Anne Karonen\" \/>\n<meta property=\"og:description\" content=\"Ota yhteytt\u00e4 niin keskustellaan yhdess\u00e4 mahdollisuuksista terapian aloittamiseen. Olen tavoitettavissa arkisin 9-17 terapiaty\u00f6n ohessa. Varmimmin minut tavoittaa tekstiviestill\u00e4 tai s\u00e4hk\u00f6postilla, johon vastaan mahdollisimman nopeasti. Taideterapeutti Anne Karonen Hallituskatu 19 as 7, 13100 H\u00e4meenlinna Puh. 050-4909879 karonen.anne@gmail.com\" \/>\n<meta property=\"og:url\" content=\"https:\/\/www.annekaronen.com\/?page_id=22\" \/>\n<meta property=\"og:site_name\" content=\"Anne Karonen\" \/>\n<meta property=\"article:modified_time\" content=\"2023-08-13T08:05:42+00:00\" \/>\n<meta property=\"og:image\" content=\"https:\/\/www.annekaronen.com\/wp-content\/uploads\/2023\/08\/lehti-kuvitus-1-700x933.jpg\" \/>\n<meta name=\"twitter:card\" content=\"summary_large_image\" \/>\n<meta name=\"twitter:label1\" content=\"Est. reading time\" \/>\n\t<meta name=\"twitter:data1\" content=\"1 minuutti\" \/>\n<script type=\"application\/ld+json\" class=\"yoast-schema-graph\">{\"@context\":\"https:\/\/schema.org\",\"@graph\":[{\"@type\":\"WebPage\",\"@id\":\"https:\/\/www.annekaronen.com\/?page_id=22\",\"url\":\"https:\/\/www.annekaronen.com\/?page_id=22\",\"name\":\"Yhteystiedot - Anne Karonen\",\"isPartOf\":{\"@id\":\"https:\/\/www.annekaronen.com\/#website\"},\"datePublished\":\"2020-07-11T18:44:51+00:00\",\"dateModified\":\"2023-08-13T08:05:42+00:00\",\"breadcrumb\":{\"@id\":\"https:\/\/www.annekaronen.com\/?page_id=22#breadcrumb\"},\"inLanguage\":\"fi\",\"potentialAction\":[{\"@type\":\"ReadAction\",\"target\":[\"https:\/\/www.annekaronen.com\/?page_id=22\"]}]},{\"@type\":\"BreadcrumbList\",\"@id\":\"https:\/\/www.annekaronen.com\/?page_id=22#breadcrumb\",\"itemListElement\":[{\"@type\":\"ListItem\",\"position\":1,\"name\":\"Home\",\"item\":\"https:\/\/www.annekaronen.com\/\"},{\"@type\":\"ListItem\",\"position\":2,\"name\":\"Yhteystiedot\"}]},{\"@type\":\"WebSite\",\"@id\":\"https:\/\/www.annekaronen.com\/#website\",\"url\":\"https:\/\/www.annekaronen.com\/\",\"name\":\"Anne Karonen\",\"description\":\"Kuvataidepsykoterapeutti Anne Karonen. Pyskoterapiaa H&auml;meenlinnassa.\",\"potentialAction\":[{\"@type\":\"SearchAction\",\"target\":{\"@type\":\"EntryPoint\",\"urlTemplate\":\"https:\/\/www.annekaronen.com\/?s={search_term_string}\"},\"query-input\":\"required name=search_term_string\"}],\"inLanguage\":\"fi\"}]}<\/script>\n<!-- \/ Yoast SEO plugin. -->","yoast_head_json":{"title":"Yhteystiedot - Anne Karonen","robots":{"index":"index","follow":"follow","max-snippet":"max-snippet:-1","max-image-preview":"max-image-preview:large","max-video-preview":"max-video-preview:-1"},"canonical":"https:\/\/www.annekaronen.com\/?page_id=22","og_locale":"fi_FI","og_type":"article","og_title":"Yhteystiedot - Anne Karonen","og_description":"Ota yhteytt\u00e4 niin keskustellaan yhdess\u00e4 mahdollisuuksista terapian aloittamiseen. Olen tavoitettavissa arkisin 9-17 terapiaty\u00f6n ohessa. Varmimmin minut tavoittaa tekstiviestill\u00e4 tai s\u00e4hk\u00f6postilla, johon vastaan mahdollisimman nopeasti. Taideterapeutti Anne Karonen Hallituskatu 19 as 7, 13100 H\u00e4meenlinna Puh. 050-4909879 karonen.anne@gmail.com","og_url":"https:\/\/www.annekaronen.com\/?page_id=22","og_site_name":"Anne Karonen","article_modified_time":"2023-08-13T08:05:42+00:00","og_image":[{"url":"https:\/\/www.annekaronen.com\/wp-content\/uploads\/2023\/08\/lehti-kuvitus-1-700x933.jpg"}],"twitter_card":"summary_large_image","twitter_misc":{"Est. reading time":"1 minuutti"},"schema":{"@context":"https:\/\/schema.org","@graph":[{"@type":"WebPage","@id":"https:\/\/www.annekaronen.com\/?page_id=22","url":"https:\/\/www.annekaronen.com\/?page_id=22","name":"Yhteystiedot - Anne Karonen","isPartOf":{"@id":"https:\/\/www.annekaronen.com\/#website"},"datePublished":"2020-07-11T18:44:51+00:00","dateModified":"2023-08-13T08:05:42+00:00","breadcrumb":{"@id":"https:\/\/www.annekaronen.com\/?page_id=22#breadcrumb"},"inLanguage":"fi","potentialAction":[{"@type":"ReadAction","target":["https:\/\/www.annekaronen.com\/?page_id=22"]}]},{"@type":"BreadcrumbList","@id":"https:\/\/www.annekaronen.com\/?page_id=22#breadcrumb","itemListElement":[{"@type":"ListItem","position":1,"name":"Home","item":"https:\/\/www.annekaronen.com\/"},{"@type":"ListItem","position":2,"name":"Yhteystiedot"}]},{"@type":"WebSite","@id":"https:\/\/www.annekaronen.com\/#website","url":"https:\/\/www.annekaronen.com\/","name":"Anne Karonen","description":"Kuvataidepsykoterapeutti Anne Karonen. Pyskoterapiaa H&auml;meenlinnassa.","potentialAction":[{"@type":"SearchAction","target":{"@type":"EntryPoint","urlTemplate":"https:\/\/www.annekaronen.com\/?s={search_term_string}"},"query-input":"required name=search_term_string"}],"inLanguage":"fi"}]}},"_links":{"self":[{"href":"https:\/\/www.annekaronen.com\/index.php?rest_route=\/wp\/v2\/pages\/22","targetHints":{"allow":["GET"]}}],"collection":[{"href":"https:\/\/www.annekaronen.com\/index.php?rest_route=\/wp\/v2\/pages"}],"about":[{"href":"https:\/\/www.annekaronen.com\/index.php?rest_route=\/wp\/v2\/types\/page"}],"author":[{"embeddable":true,"href":"https:\/\/www.annekaronen.com\/index.php?rest_route=\/wp\/v2\/users\/1"}],"replies":[{"embeddable":true,"href":"https:\/\/www.annekaronen.com\/index.php?rest_route=%2Fwp%2Fv2%2Fcomments&post=22"}],"version-history":[{"count":10,"href":"https:\/\/www.annekaronen.com\/index.php?rest_route=\/wp\/v2\/pages\/22\/revisions"}],"predecessor-version":[{"id":243,"href":"https:\/\/www.annekaronen.com\/index.php?rest_route=\/wp\/v2\/pages\/22\/revisions\/243"}],"wp:attachment":[{"href":"https:\/\/www.annekaronen.com\/index.php?rest_route=%2Fwp%2Fv2%2Fmedia&parent=22"}],"curies":[{"name":"wp","href":"https:\/\/api.w.org\/{rel}","templated":true}]}}