{"id":21,"date":"2020-07-11T18:44:51","date_gmt":"2020-07-11T18:44:51","guid":{"rendered":"http:\/\/www.annekaronen.com\/?page_id=21"},"modified":"2023-11-04T12:46:07","modified_gmt":"2023-11-04T12:46:07","slug":"kuvataidepsykoterapia-hameenlinna","status":"publish","type":"page","link":"https:\/\/www.annekaronen.com\/","title":{"rendered":"Kuvataidepsykoterapiaa H\u00e4meenlinnassa"},"content":{"rendered":"<div class=\"wp-block-image\">\n<figure class=\"aligncenter size-large is-resized\"><img loading=\"lazy\" decoding=\"async\" src=\"https:\/\/www.annekaronen.com\/wp-content\/uploads\/2023\/08\/maalaus-kuvitus-e1691914872935-700x984.jpg\" alt=\"\" class=\"wp-image-226\" width=\"350\" height=\"492\" srcset=\"https:\/\/www.annekaronen.com\/wp-content\/uploads\/2023\/08\/maalaus-kuvitus-e1691914872935-700x984.jpg 700w, https:\/\/www.annekaronen.com\/wp-content\/uploads\/2023\/08\/maalaus-kuvitus-e1691914872935-213x300.jpg 213w, https:\/\/www.annekaronen.com\/wp-content\/uploads\/2023\/08\/maalaus-kuvitus-e1691914872935.jpg 719w\" sizes=\"auto, (max-width: 350px) 100vw, 350px\" \/><\/figure>\n<\/div>\n\n\n<p class=\"has-text-align-center has-drop-cap\">Olen H\u00e4meenlinnassa toimiva kuvataidepsykoterapeutti Anne Karonen. Ty\u00f6kokemukseni pohja on varhaiskasvatuksessa. My\u00f6hemmin olen saanut syvent\u00e4\u00e4 osaamistani sosiaality\u00f6n eri kentill\u00e4 muunmuassa kriisi-, perhe- ja mielenterveysty\u00f6ss\u00e4.<\/p>\n\n\n\n<p>Koulutukseltani olen Sosionomi (AMK). Taideterapeutiksi olen valmistunut Suomen Taideterapiayhdistyksen ja Helsingin yliopiston t\u00e4ydennyskoulutuskeskus Palmenian kautta. Kuvataidepsykoterapeutiksi (Valviran laillistama psykoterapeutin ammattinimike ja Kelan terapeuttip\u00e4tevyys) olen kouluttautunut Suomen mielenterveysseuran ja Suomen kuvataidepsykoterapeuttien liiton kouluttamana. Viitekehykseni on psykodynaaminen. Minulla on kouluttajapsykoterapeutti p\u00e4tevyys. Otan vastaan lapsia, nuoria ja aikuisia. <\/p>\n\n\n\n<p>Terapeuttiin, taidev\u00e4lineisiin ja terapiatilaan on mahdollista tulla tutustumaan ennen p\u00e4\u00e4t\u00f6st\u00e4 kuvataidepsykoterapian aloittamisesta. Kuvallinen ilmaisu ei sulje pois verbaalia ty\u00f6skentely\u00e4 eik\u00e4 verbaaliseen painottuva terapia kuvallista ty\u00f6skentely\u00e4. <a href=\"https:\/\/www.annekaronen.com\/?page_id=81\">T\u00e4\u00e4lt\u00e4<\/a> voit lukea lis\u00e4\u00e4 siit\u00e4, mit\u00e4 kuvataidepsykoterapia on. My\u00f6s Kuvataidepsykoterapialiiton sivuilta l\u00f6yd\u00e4t kattavasti lis\u00e4\u00e4 tietoa mik\u00e4li kiinnostuit. Linkin sivuille l\u00f6yd\u00e4t alta.<\/p>\n\n\n\n<p><strong>Kela tukee kuntoutuspsykoterapiaa ja vaativaa l\u00e4\u00e4kinn\u00e4llist\u00e4 kuntoutusta. <\/strong><\/p>\n\n\n\n<div class=\"wp-block-buttons is-layout-flex wp-block-buttons-is-layout-flex\">\n<div class=\"wp-block-button\"><a class=\"wp-block-button__link has-very-dark-gray-color has-text-color has-background wp-element-button\" href=\"https:\/\/www.kela.fi\/kuntoutuspsykoterapia\" style=\"border-radius:50px;background-color:#ccecee\"><strong>Kelan kuntoutuspsykoterapia<\/strong><\/a><\/div>\n\n\n\n<div class=\"wp-block-button is-style-fill\"><a class=\"wp-block-button__link has-very-dark-gray-color has-text-color has-background wp-element-button\" href=\"https:\/\/www.kela.fi\/vaativa-laakinnallinen-kuntoutus\" style=\"border-radius:50px;background-color:#e0d6cc\"><strong>Vaativa l\u00e4\u00e4kinn\u00e4llinen kuntoutus<\/strong><\/a><\/div>\n\n\n\n<div class=\"wp-block-button\"><a class=\"wp-block-button__link has-very-dark-gray-color has-text-color has-background wp-element-button\" href=\"https:\/\/www.kuvataidepsykoterapia.fi\/kuvataidepsykoterapia\/\" style=\"border-radius:50px;background-color:#f9d7bb\"><strong>Kuvataidepsykoterapialiitto<\/strong><\/a><\/div>\n<\/div>\n\n\n\n<h3 class=\"wp-block-heading\"><\/h3>\n\n\n\n<p><\/p>\n\n\n<div class=\"wp-block-image\">\n<figure class=\"aligncenter size-large is-resized\"><img loading=\"lazy\" decoding=\"async\" src=\"https:\/\/www.annekaronen.com\/wp-content\/uploads\/2023\/08\/kivi-kuvitus-700x933.jpg\" alt=\"\" class=\"wp-image-238\" width=\"358\" height=\"478\" srcset=\"https:\/\/www.annekaronen.com\/wp-content\/uploads\/2023\/08\/kivi-kuvitus-700x933.jpg 700w, https:\/\/www.annekaronen.com\/wp-content\/uploads\/2023\/08\/kivi-kuvitus-225x300.jpg 225w, https:\/\/www.annekaronen.com\/wp-content\/uploads\/2023\/08\/kivi-kuvitus.jpg 768w\" sizes=\"auto, (max-width: 358px) 100vw, 358px\" \/><\/figure>\n<\/div>","protected":false},"excerpt":{"rendered":"<p>Olen H\u00e4meenlinnassa toimiva kuvataidepsykoterapeutti Anne Karonen. Ty\u00f6kokemukseni pohja on varhaiskasvatuksessa. My\u00f6hemmin olen saanut syvent\u00e4\u00e4 osaamistani sosiaality\u00f6n eri kentill\u00e4 muunmuassa kriisi-, perhe- ja mielenterveysty\u00f6ss\u00e4. Koulutukseltani olen Sosionomi (AMK). Taideterapeutiksi olen valmistunut Suomen Taideterapiayhdistyksen ja Helsingin yliopiston t\u00e4ydennyskoulutuskeskus Palmenian kautta. Kuvataidepsykoterapeutiksi (Valviran laillistama psykoterapeutin ammattinimike ja Kelan terapeuttip\u00e4tevyys) olen kouluttautunut Suomen mielenterveysseuran ja Suomen kuvataidepsykoterapeuttien liiton kouluttamana&#8230;.<\/p>\n","protected":false},"author":1,"featured_media":0,"parent":0,"menu_order":0,"comment_status":"closed","ping_status":"closed","template":"","meta":{"footnotes":""},"class_list":["post-21","page","type-page","status-publish","hentry"],"yoast_head":"<!-- This site is optimized with the Yoast SEO plugin v21.8.1 - https:\/\/yoast.com\/wordpress\/plugins\/seo\/ -->\n<title>Kuvataidepsykoterapiaa H\u00e4meenlinnassa - Anne Karonen<\/title>\n<meta name=\"description\" content=\"Kuvataidepsykoterapeutti Anne Karonen. Tarjoan kuvataidepsykoterapiaa H\u00e4meenlinnassa.\" \/>\n<meta name=\"robots\" content=\"index, follow, max-snippet:-1, max-image-preview:large, max-video-preview:-1\" \/>\n<link rel=\"canonical\" href=\"https:\/\/www.annekaronen.com\/\" \/>\n<meta property=\"og:locale\" content=\"fi_FI\" \/>\n<meta property=\"og:type\" content=\"article\" \/>\n<meta property=\"og:title\" content=\"Kuvataidepsykoterapiaa H\u00e4meenlinnassa - Anne Karonen\" \/>\n<meta property=\"og:description\" content=\"Kuvataidepsykoterapeutti Anne Karonen. Tarjoan kuvataidepsykoterapiaa H\u00e4meenlinnassa.\" \/>\n<meta property=\"og:url\" content=\"https:\/\/www.annekaronen.com\/\" \/>\n<meta property=\"og:site_name\" content=\"Anne Karonen\" \/>\n<meta property=\"article:modified_time\" content=\"2023-11-04T12:46:07+00:00\" \/>\n<meta property=\"og:image\" content=\"https:\/\/www.annekaronen.com\/wp-content\/uploads\/2023\/08\/maalaus-kuvitus-e1691914872935-700x984.jpg\" \/>\n<meta name=\"twitter:card\" content=\"summary_large_image\" \/>\n<meta name=\"twitter:label1\" content=\"Est. reading time\" \/>\n\t<meta name=\"twitter:data1\" content=\"2 minuuttia\" \/>\n<script type=\"application\/ld+json\" class=\"yoast-schema-graph\">{\"@context\":\"https:\/\/schema.org\",\"@graph\":[{\"@type\":\"WebPage\",\"@id\":\"https:\/\/www.annekaronen.com\/\",\"url\":\"https:\/\/www.annekaronen.com\/\",\"name\":\"Kuvataidepsykoterapiaa H\u00e4meenlinnassa - Anne Karonen\",\"isPartOf\":{\"@id\":\"https:\/\/www.annekaronen.com\/#website\"},\"datePublished\":\"2020-07-11T18:44:51+00:00\",\"dateModified\":\"2023-11-04T12:46:07+00:00\",\"description\":\"Kuvataidepsykoterapeutti Anne Karonen. Tarjoan kuvataidepsykoterapiaa H\u00e4meenlinnassa.\",\"breadcrumb\":{\"@id\":\"https:\/\/www.annekaronen.com\/#breadcrumb\"},\"inLanguage\":\"fi\",\"potentialAction\":[{\"@type\":\"ReadAction\",\"target\":[\"https:\/\/www.annekaronen.com\/\"]}]},{\"@type\":\"BreadcrumbList\",\"@id\":\"https:\/\/www.annekaronen.com\/#breadcrumb\",\"itemListElement\":[{\"@type\":\"ListItem\",\"position\":1,\"name\":\"Home\",\"item\":\"https:\/\/www.annekaronen.com\/\"},{\"@type\":\"ListItem\",\"position\":2,\"name\":\"Kuvataidepsykoterapiaa H\u00e4meenlinnassa\"}]},{\"@type\":\"WebSite\",\"@id\":\"https:\/\/www.annekaronen.com\/#website\",\"url\":\"https:\/\/www.annekaronen.com\/\",\"name\":\"Anne Karonen\",\"description\":\"Kuvataidepsykoterapeutti Anne Karonen. Pyskoterapiaa H&auml;meenlinnassa.\",\"potentialAction\":[{\"@type\":\"SearchAction\",\"target\":{\"@type\":\"EntryPoint\",\"urlTemplate\":\"https:\/\/www.annekaronen.com\/?s={search_term_string}\"},\"query-input\":\"required name=search_term_string\"}],\"inLanguage\":\"fi\"}]}<\/script>\n<!-- \/ Yoast SEO plugin. -->","yoast_head_json":{"title":"Kuvataidepsykoterapiaa H\u00e4meenlinnassa - Anne Karonen","description":"Kuvataidepsykoterapeutti Anne Karonen. Tarjoan kuvataidepsykoterapiaa H\u00e4meenlinnassa.","robots":{"index":"index","follow":"follow","max-snippet":"max-snippet:-1","max-image-preview":"max-image-preview:large","max-video-preview":"max-video-preview:-1"},"canonical":"https:\/\/www.annekaronen.com\/","og_locale":"fi_FI","og_type":"article","og_title":"Kuvataidepsykoterapiaa H\u00e4meenlinnassa - Anne Karonen","og_description":"Kuvataidepsykoterapeutti Anne Karonen. Tarjoan kuvataidepsykoterapiaa H\u00e4meenlinnassa.","og_url":"https:\/\/www.annekaronen.com\/","og_site_name":"Anne Karonen","article_modified_time":"2023-11-04T12:46:07+00:00","og_image":[{"url":"https:\/\/www.annekaronen.com\/wp-content\/uploads\/2023\/08\/maalaus-kuvitus-e1691914872935-700x984.jpg"}],"twitter_card":"summary_large_image","twitter_misc":{"Est. reading time":"2 minuuttia"},"schema":{"@context":"https:\/\/schema.org","@graph":[{"@type":"WebPage","@id":"https:\/\/www.annekaronen.com\/","url":"https:\/\/www.annekaronen.com\/","name":"Kuvataidepsykoterapiaa H\u00e4meenlinnassa - Anne Karonen","isPartOf":{"@id":"https:\/\/www.annekaronen.com\/#website"},"datePublished":"2020-07-11T18:44:51+00:00","dateModified":"2023-11-04T12:46:07+00:00","description":"Kuvataidepsykoterapeutti Anne Karonen. Tarjoan kuvataidepsykoterapiaa H\u00e4meenlinnassa.","breadcrumb":{"@id":"https:\/\/www.annekaronen.com\/#breadcrumb"},"inLanguage":"fi","potentialAction":[{"@type":"ReadAction","target":["https:\/\/www.annekaronen.com\/"]}]},{"@type":"BreadcrumbList","@id":"https:\/\/www.annekaronen.com\/#breadcrumb","itemListElement":[{"@type":"ListItem","position":1,"name":"Home","item":"https:\/\/www.annekaronen.com\/"},{"@type":"ListItem","position":2,"name":"Kuvataidepsykoterapiaa H\u00e4meenlinnassa"}]},{"@type":"WebSite","@id":"https:\/\/www.annekaronen.com\/#website","url":"https:\/\/www.annekaronen.com\/","name":"Anne Karonen","description":"Kuvataidepsykoterapeutti Anne Karonen. Pyskoterapiaa H&auml;meenlinnassa.","potentialAction":[{"@type":"SearchAction","target":{"@type":"EntryPoint","urlTemplate":"https:\/\/www.annekaronen.com\/?s={search_term_string}"},"query-input":"required name=search_term_string"}],"inLanguage":"fi"}]}},"_links":{"self":[{"href":"https:\/\/www.annekaronen.com\/index.php?rest_route=\/wp\/v2\/pages\/21","targetHints":{"allow":["GET"]}}],"collection":[{"href":"https:\/\/www.annekaronen.com\/index.php?rest_route=\/wp\/v2\/pages"}],"about":[{"href":"https:\/\/www.annekaronen.com\/index.php?rest_route=\/wp\/v2\/types\/page"}],"author":[{"embeddable":true,"href":"https:\/\/www.annekaronen.com\/index.php?rest_route=\/wp\/v2\/users\/1"}],"replies":[{"embeddable":true,"href":"https:\/\/www.annekaronen.com\/index.php?rest_route=%2Fwp%2Fv2%2Fcomments&post=21"}],"version-history":[{"count":57,"href":"https:\/\/www.annekaronen.com\/index.php?rest_route=\/wp\/v2\/pages\/21\/revisions"}],"predecessor-version":[{"id":251,"href":"https:\/\/www.annekaronen.com\/index.php?rest_route=\/wp\/v2\/pages\/21\/revisions\/251"}],"wp:attachment":[{"href":"https:\/\/www.annekaronen.com\/index.php?rest_route=%2Fwp%2Fv2%2Fmedia&parent=21"}],"curies":[{"name":"wp","href":"https:\/\/api.w.org\/{rel}","templated":true}]}}